{"id":5296,"date":"2020-01-23T08:10:11","date_gmt":"2020-01-23T07:10:11","guid":{"rendered":"https:\/\/museoslocales.com\/belmez\/?page_id=5296"},"modified":"2022-10-16T20:03:56","modified_gmt":"2022-10-16T18:03:56","slug":"otros-datos","status":"publish","type":"page","link":"https:\/\/museoslocales.com\/belmez\/otros-datos\/","title":{"rendered":"Otros datos"},"content":{"rendered":"<p>[et_pb_section fb_built=\u00bb1&#8243; fullwidth=\u00bbon\u00bb _builder_version=\u00bb4.16&#8243; background_image=\u00bbhttps:\/\/museoslocales.com\/belmez\/wp-content\/uploads\/sites\/6\/2019\/11\/slider2.jpg\u00bb inner_width_tablet=\u00bb50px\u00bb inner_max_width_tablet=\u00bb50px\u00bb animation_style=\u00bbfade\u00bb z_index_tablet=\u00bb500&#8243; border_width_bottom=\u00bb2px\u00bb border_color_bottom=\u00bb#595a5c\u00bb border_width_bottom_tablet=\u00bb2px\u00bb border_width_bottom_phone=\u00bb2px\u00bb box_shadow_horizontal_tablet=\u00bb0px\u00bb box_shadow_vertical_tablet=\u00bb0px\u00bb box_shadow_blur_tablet=\u00bb40px\u00bb box_shadow_spread_tablet=\u00bb0px\u00bb global_colors_info=\u00bb{}\u00bb][et_pb_fullwidth_header title=\u00bbOtros datos\u00bb _builder_version=\u00bb4.16&#8243; title_font=\u00bbMontserrat||||||||\u00bb title_text_align=\u00bbleft\u00bb title_text_color=\u00bb#ce8225&#8243; title_font_size=\u00bb48px\u00bb background_color=\u00bbrgba(255,255,255,0)\u00bb z_index_tablet=\u00bb500&#8243; title_text_shadow_horizontal_length_tablet=\u00bb0px\u00bb title_text_shadow_vertical_length_tablet=\u00bb0px\u00bb title_text_shadow_blur_strength_tablet=\u00bb1px\u00bb content_text_shadow_horizontal_length_tablet=\u00bb0px\u00bb content_text_shadow_vertical_length_tablet=\u00bb0px\u00bb content_text_shadow_blur_strength_tablet=\u00bb1px\u00bb subhead_text_shadow_horizontal_length_tablet=\u00bb0px\u00bb subhead_text_shadow_vertical_length_tablet=\u00bb0px\u00bb subhead_text_shadow_blur_strength_tablet=\u00bb1px\u00bb content_link_text_shadow_horizontal_length_tablet=\u00bb0px\u00bb content_link_text_shadow_vertical_length_tablet=\u00bb0px\u00bb content_link_text_shadow_blur_strength_tablet=\u00bb1px\u00bb content_ul_text_shadow_horizontal_length_tablet=\u00bb0px\u00bb content_ul_text_shadow_vertical_length_tablet=\u00bb0px\u00bb content_ul_text_shadow_blur_strength_tablet=\u00bb1px\u00bb content_ol_text_shadow_horizontal_length_tablet=\u00bb0px\u00bb content_ol_text_shadow_vertical_length_tablet=\u00bb0px\u00bb content_ol_text_shadow_blur_strength_tablet=\u00bb1px\u00bb content_quote_text_shadow_horizontal_length_tablet=\u00bb0px\u00bb content_quote_text_shadow_vertical_length_tablet=\u00bb0px\u00bb content_quote_text_shadow_blur_strength_tablet=\u00bb1px\u00bb button_one_text_shadow_horizontal_length_tablet=\u00bb0px\u00bb button_one_text_shadow_vertical_length_tablet=\u00bb0px\u00bb button_one_text_shadow_blur_strength_tablet=\u00bb1px\u00bb button_two_text_shadow_horizontal_length_tablet=\u00bb0px\u00bb button_two_text_shadow_vertical_length_tablet=\u00bb0px\u00bb button_two_text_shadow_blur_strength_tablet=\u00bb1px\u00bb box_shadow_horizontal_tablet=\u00bb0px\u00bb box_shadow_vertical_tablet=\u00bb0px\u00bb box_shadow_blur_tablet=\u00bb40px\u00bb box_shadow_spread_tablet=\u00bb0px\u00bb box_shadow_horizontal_image_tablet=\u00bb0px\u00bb box_shadow_vertical_image_tablet=\u00bb0px\u00bb box_shadow_blur_image_tablet=\u00bb40px\u00bb box_shadow_spread_image_tablet=\u00bb0px\u00bb box_shadow_horizontal_button_one_tablet=\u00bb0px\u00bb box_shadow_vertical_button_one_tablet=\u00bb0px\u00bb box_shadow_blur_button_one_tablet=\u00bb40px\u00bb box_shadow_spread_button_one_tablet=\u00bb0px\u00bb box_shadow_horizontal_button_two_tablet=\u00bb0px\u00bb box_shadow_vertical_button_two_tablet=\u00bb0px\u00bb box_shadow_blur_button_two_tablet=\u00bb40px\u00bb box_shadow_spread_button_two_tablet=\u00bb0px\u00bb text_shadow_horizontal_length_tablet=\u00bb0px\u00bb text_shadow_vertical_length_tablet=\u00bb0px\u00bb text_shadow_blur_strength_tablet=\u00bb1px\u00bb global_colors_info=\u00bb{}\u00bb][\/et_pb_fullwidth_header][\/et_pb_section][et_pb_section fb_built=\u00bb1&#8243; _builder_version=\u00bb4.16&#8243; global_colors_info=\u00bb{}\u00bb][et_pb_row column_structure=\u00bb1_3,1_3,1_3&#8243; column_padding_mobile=\u00bbon\u00bb admin_label=\u00bbrow\u00bb _builder_version=\u00bb4.16&#8243; background_size=\u00bbinitial\u00bb background_position=\u00bbtop_left\u00bb background_repeat=\u00bbrepeat\u00bb custom_margin=\u00bb25px|||\u00bb custom_padding=\u00bb25px|||\u00bb global_colors_info=\u00bb{}\u00bb][et_pb_column type=\u00bb1_3&#8243; _builder_version=\u00bb4.16&#8243; custom_padding=\u00bb|||\u00bb global_colors_info=\u00bb{}\u00bb custom_padding__hover=\u00bb|||\u00bb][et_pb_blurb title=\u00bbDirecci\u00f3n\u00bb use_icon=\u00bbon\u00bb font_icon=\u00bb&#xe081;||divi||400&#8243; icon_placement=\u00bbleft\u00bb _builder_version=\u00bb4.16&#8243; header_font_size=\u00bb15px\u00bb custom_margin=\u00bb||5px|\u00bb animation=\u00bboff\u00bb hover_enabled=\u00bb0&#8243; global_colors_info=\u00bb{}\u00bb sticky_enabled=\u00bb0&#8243;]<\/p>\n<p><strong>C\/ C\u00f3rdoba, 3\u00a0 \u00a0 \u00a0 \u00a0 \u00a0 \u00a0 \u00a0 \u00a0 \u00a0 \u00a0 \u00a0 \u00a0 \u00a0 \u00a0 \u00a0 \u00a0 \u00a0 \u00a0 \u00a0 \u00a0 \u00a0 \u00a0 \u00a0 \u00a0 \u00a0 \u00a0 \u00a0 \u00a0 \u00a0 \u00a0 \u00a0 \u00a0 \u00a0 \u00a0 \u00a0 \u00a0 \u00a0 \u00a0 \u00a0 \u00a0 \u00a0 \u00a0 \u00a0 \u00a0 \u00a0 \u00a0 \u00a0 \u00a0 \u00a0 \u00a0 \u00a0 14240 &#8211; Belmez (C\u00f3rdoba)<\/strong><\/p>\n<p>[\/et_pb_blurb][\/et_pb_column][et_pb_column type=\u00bb1_3&#8243; _builder_version=\u00bb4.16&#8243; custom_padding=\u00bb|||\u00bb global_colors_info=\u00bb{}\u00bb custom_padding__hover=\u00bb|||\u00bb][et_pb_blurb title=\u00bbHorarios\u00bb use_icon=\u00bbon\u00bb font_icon=\u00bb&#xe06b;||divi||400&#8243; icon_placement=\u00bbleft\u00bb _builder_version=\u00bb4.18.0&#8243; header_font_size=\u00bb17px\u00bb custom_margin=\u00bb||5px|\u00bb animation=\u00bboff\u00bb hover_enabled=\u00bb0&#8243; global_colors_info=\u00bb{}\u00bb sticky_enabled=\u00bb0&#8243;]<\/p>\n<p><strong>Lunes a viernes: 10:00 &#8211; 14:00 h. <\/strong><\/p>\n<p><strong>Fines de semana: previa cita concertada <\/strong><\/p>\n<p>[\/et_pb_blurb][\/et_pb_column][et_pb_column type=\u00bb1_3&#8243; _builder_version=\u00bb4.16&#8243; custom_padding=\u00bb|||\u00bb global_colors_info=\u00bb{}\u00bb custom_padding__hover=\u00bb|||\u00bb][et_pb_blurb title=\u00bbP\u00e1gina web\u00bb use_icon=\u00bbon\u00bb font_icon=\u00bb&#xe0de;||divi||400&#8243; icon_placement=\u00bbleft\u00bb _builder_version=\u00bb4.16&#8243; header_font_size=\u00bb17px\u00bb custom_margin=\u00bb||5px|\u00bb animation=\u00bboff\u00bb global_colors_info=\u00bb{}\u00bb]<strong><a href=\"https:\/\/museohistoricodebelmez.wordpress.com\/\">https:\/\/museohistoricodebelmez.wordpress.com\/<\/a><\/strong>[\/et_pb_blurb][\/et_pb_column][\/et_pb_row][\/et_pb_section][et_pb_section fb_built=\u00bb1&#8243; fullwidth=\u00bbon\u00bb custom_padding_last_edited=\u00bbon|desktop\u00bb admin_label=\u00bbsection\u00bb _builder_version=\u00bb4.16&#8243; custom_padding_tablet=\u00bb50px|0|50px|0&#8243; custom_padding_phone=\u00bb\u00bb padding_mobile=\u00bboff\u00bb global_colors_info=\u00bb{}\u00bb][et_pb_fullwidth_map address=\u00bbc\/ C\u00f3rdoba, 3  14240 Belmez, C\u00f3rdoba, Espa\u00f1a\u00bb zoom_level=\u00bb13&#8243; address_lat=\u00bb38.2710887&#8243; address_lng=\u00bb-5.2070955&#8243; mouse_wheel=\u00bboff\u00bb mobile_dragging=\u00bboff\u00bb admin_label=\u00bbFullwidth Map\u00bb _builder_version=\u00bb4.16&#8243; global_colors_info=\u00bb{}\u00bb][et_pb_map_pin title=\u00bbc\/ C\u00f3rdoba, 3  14240 &#8211; Belmez (C\u00f3rdoba)\u00bb pin_address=\u00bb14240 Belmez, C\u00f3rdoba, Espa\u00f1a\u00bb pin_address_lat=\u00bb38.2710887&#8243; pin_address_lng=\u00bb-5.2070955&#8243; _builder_version=\u00bb4.0.11&#8243; global_colors_info=\u00bb{}\u00bb][\/et_pb_map_pin][\/et_pb_fullwidth_map][\/et_pb_section]<\/p>\n","protected":false},"excerpt":{"rendered":"<p>C\/ C\u00f3rdoba, 3\u00a0 \u00a0 \u00a0 \u00a0 \u00a0 \u00a0 \u00a0 \u00a0 \u00a0 \u00a0 \u00a0 \u00a0 \u00a0 \u00a0 \u00a0 \u00a0 \u00a0 \u00a0 \u00a0 \u00a0 \u00a0 \u00a0 \u00a0 \u00a0 \u00a0 \u00a0 \u00a0 \u00a0 \u00a0 \u00a0 \u00a0 \u00a0 \u00a0 \u00a0 \u00a0 \u00a0 \u00a0 \u00a0 \u00a0 \u00a0 \u00a0 \u00a0 \u00a0 \u00a0 \u00a0 \u00a0 \u00a0 \u00a0 \u00a0 \u00a0 \u00a0 14240 &#8211; [&hellip;]<\/p>\n","protected":false},"author":1,"featured_media":0,"parent":0,"menu_order":0,"comment_status":"closed","ping_status":"closed","template":"","meta":{"_et_pb_use_builder":"on","_et_pb_old_content":"","_et_gb_content_width":"","footnotes":""},"class_list":["post-5296","page","type-page","status-publish","hentry"],"_links":{"self":[{"href":"https:\/\/museoslocales.com\/belmez\/wp-json\/wp\/v2\/pages\/5296","targetHints":{"allow":["GET"]}}],"collection":[{"href":"https:\/\/museoslocales.com\/belmez\/wp-json\/wp\/v2\/pages"}],"about":[{"href":"https:\/\/museoslocales.com\/belmez\/wp-json\/wp\/v2\/types\/page"}],"author":[{"embeddable":true,"href":"https:\/\/museoslocales.com\/belmez\/wp-json\/wp\/v2\/users\/1"}],"replies":[{"embeddable":true,"href":"https:\/\/museoslocales.com\/belmez\/wp-json\/wp\/v2\/comments?post=5296"}],"version-history":[{"count":8,"href":"https:\/\/museoslocales.com\/belmez\/wp-json\/wp\/v2\/pages\/5296\/revisions"}],"predecessor-version":[{"id":5365,"href":"https:\/\/museoslocales.com\/belmez\/wp-json\/wp\/v2\/pages\/5296\/revisions\/5365"}],"wp:attachment":[{"href":"https:\/\/museoslocales.com\/belmez\/wp-json\/wp\/v2\/media?parent=5296"}],"curies":[{"name":"wp","href":"https:\/\/api.w.org\/{rel}","templated":true}]}}